{"id":17,"date":"2016-11-21T15:32:31","date_gmt":"2016-11-21T15:32:31","guid":{"rendered":"https:\/\/xml-io.proteusthemes.com\/consulting\/?page_id=17"},"modified":"2023-03-30T12:57:36","modified_gmt":"2023-03-30T12:57:36","slug":"pompy-ciepla","status":"publish","type":"page","link":"https:\/\/www.wegieleko.pl\/index.php\/pompy-ciepla\/","title":{"rendered":"Pompy ciep\u0142a"},"content":{"rendered":"<div id=\"pl-17\"  class=\"panel-layout\" ><div id=\"pg-17-0\"  class=\"panel-grid panel-no-style\" ><div id=\"pgc-17-0-0\"  class=\"panel-grid-cell\" ><div id=\"panel-17-0-0-0\" class=\"so-panel widget widget_sow-editor panel-first-child panel-last-child\" data-index=\"0\" ><div class=\"so-widget-sow-editor so-widget-sow-editor-base\">\n<div class=\"siteorigin-widget-tinymce textwidget\">\n\t<p style=\"text-align: justify;\">Pompy ciep\u0142a to rewelacyjne rozwi\u0105zania grzewcze, kt\u00f3re w ostatnim czasie staj\u0105 si\u0119 coraz bardziej popularne. Model HTi20 to wysokotemperaturowa pompa ciep\u0142a typu powietrze - woda, kt\u00f3ra posiada naturalny czynnik ch\u0142odniczy. Warto zapozna\u0107 si\u0119 z najwa\u017cniejszymi informacjami na jej temat.<\/p>\n<h3 style=\"text-align: justify;\">Najwa\u017cniejsze informacje o pompie ciep\u0142a HTi20<\/h3>\n<p style=\"text-align: justify;\"><strong>Pompa ciep\u0142a HTi20 to bardzo ciekawy model pompy ciep\u0142a powietrze - woda. Posiada on wiele ciekawych mo\u017cliwo\u015bci jak np.:<\/strong><\/p>\n<ul>\n<li style=\"text-align: justify;\">podgrzewanie wody do temperatury 60 st,<\/li>\n<li style=\"text-align: justify;\">wykorzystuje powietrze do ogrzewania dom\u00f3w,<\/li>\n<li style=\"text-align: justify;\">wyr\u00f3\u017cnia si\u0119 bardzo wysok\u0105 wydajno\u015bci\u0105,<\/li>\n<li style=\"text-align: justify;\">posiada naturalny czynnik ch\u0142odniczy,<\/li>\n<li style=\"text-align: justify;\">pracuje do temperatury -20 st. C.,<\/li>\n<li style=\"text-align: justify;\">ma wysok\u0105 moc grzewcz\u0105.<\/li>\n<\/ul>\n<p style=\"text-align: justify;\">Pompa HT20i wyr\u00f3\u017cniaj\u0105 si\u0119 du\u017c\u0105 trwa\u0142o\u015bci\u0105 oraz niezawodno\u015bci\u0105. Obecno\u015b\u0107 innowacyjnych rozwi\u0105za\u0144 sprawia, \u017ce wyr\u00f3\u017cni\u0105 si\u0119 one bardzo wysok\u0105 sprawno\u015bci\u0105. Pompa idealnie nadaje si\u0119 zar\u00f3wno do nowych budynk\u00f3w jak i tych, kt\u00f3re uleg\u0142y modernizacji. Z \u0142atwo\u015bci\u0105 mo\u017cna tak\u017ce dopasowa\u0107 urz\u0105dzenie do indywidualnych wymaga\u0144 u\u017cytkownik\u00f3w.<\/p>\n<h3 style=\"text-align: justify;\">Pompa HTi20 - innowacyjna propozycja<\/h3>\n<p style=\"text-align: justify;\">Pompa ciep\u0142a HTi20 przede wszystkim wyr\u00f3\u017cnia si\u0119 bardzo wysok\u0105 jako\u015bci\u0105. Jednym z priorytet\u00f3w firmy jest dba\u0142o\u015b\u0107 o komfort u\u017cytkowania. Du\u017ce znaczenie na bezobs\u0142ugowe ogrzewanie, a tak\u017ce bardzo cicha praca. Pomp\u0119 mo\u017cna tak\u017ce obs\u0142ugiwa\u0107 przez Internet. W zestawie dost\u0119pny jest kolorowy, panel dotykowy.<\/p>\n<p style=\"text-align: justify;\">Wybieraj\u0105c takie rozwi\u0105zanie, warto tak\u017ce mie\u0107 na uwadze spor\u0105 oszcz\u0119dno\u015b\u0107. Pompa posiada bardzo szeroki zakres pracy i mo\u017cliwo\u015b\u0107 dostosowania sterowania pogodowego. Warto zaznaczy\u0107, \u017ce pompa ciep\u0142a HTi20 posiada bardzo oryginalny design. Bogaty wyb\u00f3r materia\u0142\u00f3w wyko\u0144czeniowych to niew\u0105tpliwa zaleta. Mo\u017cna zdecydowa\u0107 si\u0119 na drewno egzotyczne, kompozytowe, a tak\u017ce beton architektoniczny. W wybranym momencie mo\u017cna zmieni\u0107 wygl\u0105d urz\u0105dzenia.<\/p>\n<\/div>\n<\/div><\/div><\/div><\/div><div id=\"pg-17-1\"  class=\"panel-grid panel-no-style\" ><div id=\"pgc-17-1-0\"  class=\"panel-grid-cell\" ><div id=\"panel-17-1-0-0\" class=\"so-panel widget widget_siteorigin-panels-builder panel-first-child panel-last-child\" data-index=\"1\" ><div id=\"pl-w6422c5a0b07c0\"  class=\"panel-layout\" ><div id=\"pg-w6422c5a0b07c0-0\"  class=\"panel-grid panel-no-style\" ><div id=\"pgc-w6422c5a0b07c0-0-0\"  class=\"panel-grid-cell\" ><div id=\"panel-w6422c5a0b07c0-0-0-0\" class=\"so-panel widget widget_siteorigin-panels-builder panel-first-child panel-last-child\" data-index=\"0\" ><div id=\"pl-w6422c5a0b07cb\"  class=\"panel-layout\" ><div id=\"pg-w6422c5a0b07cb-0\"  class=\"panel-grid panel-no-style\" ><div id=\"pgc-w6422c5a0b07cb-0-0\"  class=\"panel-grid-cell panel-grid-cell-mobile-last\" ><div id=\"panel-w6422c5a0b07cb-0-0-0\" class=\"so-panel widget widget_sow-editor panel-first-child panel-last-child\" data-index=\"0\" ><div class=\"panel-widget-style panel-widget-style-for-w6422c5a0b07cb-0-0-0\" ><div class=\"so-widget-sow-editor so-widget-sow-editor-base\">\n<div class=\"siteorigin-widget-tinymce textwidget\">\n\t<h3 style=\"text-align: center;\">Inwerterowa pompa ciep\u0142a<\/h3>\n<p>&nbsp;<\/p>\n<p><a href=\"https:\/\/www.hkslazar.pl\/pompy-ciepla\"><img loading=\"lazy\" decoding=\"async\" class=\"aligncenter wp-image-1266 size-full\" src=\"https:\/\/www.wegieleko.pl\/wp-content\/uploads\/2023\/03\/HTi20-336x280px-zaplecze.jpg\" alt=\"\" width=\"336\" height=\"280\" srcset=\"https:\/\/www.wegieleko.pl\/wp-content\/uploads\/2023\/03\/HTi20-336x280px-zaplecze.jpg 336w, https:\/\/www.wegieleko.pl\/wp-content\/uploads\/2023\/03\/HTi20-336x280px-zaplecze-300x250.jpg 300w\" sizes=\"auto, (max-width: 336px) 100vw, 336px\" \/><\/a><\/p>\n<p>&nbsp;<\/p>\n<p>&nbsp;<\/p>\n<p style=\"text-align: center;\"><a class=\"btn  btn-secondary\" href=\"https:\/\/www.hkslazar.pl\/pompy-ciepla\" target=\"_self\"> DOWIEDZ SI\u0118 WI\u0118CEJ<\/a><\/p>\n<\/div>\n<\/div><\/div><\/div><\/div><div id=\"pgc-w6422c5a0b07cb-0-1\"  class=\"panel-grid-cell panel-grid-cell-empty\" ><\/div><\/div><\/div><\/div><\/div><\/div><\/div><\/div><\/div><\/div><\/div>","protected":false},"excerpt":{"rendered":"<p>Pompy ciep\u0142a to rewelacyjne rozwi\u0105zania grzewcze, kt\u00f3re w ostatnim czasie staj\u0105 si\u0119 coraz bardziej popularne. Model HTi20 to wysokotemperaturowa pompa ciep\u0142a typu powietrze &#8211; woda, kt\u00f3ra posiada naturalny czynnik ch\u0142odniczy. Warto zapozna\u0107 si\u0119 z najwa\u017cniejszymi informacjami na jej temat. Najwa\u017cniejsze informacje o pompie ciep\u0142a HTi20 Pompa ciep\u0142a HTi20 to bardzo ciekawy model pompy ciep\u0142a powietrze &hellip;<\/p>\n","protected":false},"author":1,"featured_media":0,"parent":0,"menu_order":0,"comment_status":"closed","ping_status":"closed","template":"","meta":{"footnotes":""},"class_list":{"0":"post-17","1":"page","2":"type-page","3":"status-publish","5":"clearfix","6":"article"},"aioseo_notices":[],"_links":{"self":[{"href":"https:\/\/www.wegieleko.pl\/index.php\/wp-json\/wp\/v2\/pages\/17","targetHints":{"allow":["GET"]}}],"collection":[{"href":"https:\/\/www.wegieleko.pl\/index.php\/wp-json\/wp\/v2\/pages"}],"about":[{"href":"https:\/\/www.wegieleko.pl\/index.php\/wp-json\/wp\/v2\/types\/page"}],"author":[{"embeddable":true,"href":"https:\/\/www.wegieleko.pl\/index.php\/wp-json\/wp\/v2\/users\/1"}],"replies":[{"embeddable":true,"href":"https:\/\/www.wegieleko.pl\/index.php\/wp-json\/wp\/v2\/comments?post=17"}],"version-history":[{"count":12,"href":"https:\/\/www.wegieleko.pl\/index.php\/wp-json\/wp\/v2\/pages\/17\/revisions"}],"predecessor-version":[{"id":1271,"href":"https:\/\/www.wegieleko.pl\/index.php\/wp-json\/wp\/v2\/pages\/17\/revisions\/1271"}],"wp:attachment":[{"href":"https:\/\/www.wegieleko.pl\/index.php\/wp-json\/wp\/v2\/media?parent=17"}],"curies":[{"name":"wp","href":"https:\/\/api.w.org\/{rel}","templated":true}]}}