{"id":970,"date":"2017-10-25T07:21:15","date_gmt":"2017-10-25T07:21:15","guid":{"rendered":"https:\/\/xml-io.proteusthemes.com\/consultpress\/?page_id=970"},"modified":"2021-06-28T13:23:50","modified_gmt":"2021-06-28T13:23:50","slug":"kotly-na-pellet","status":"publish","type":"page","link":"https:\/\/www.wegieleko.pl\/index.php\/kotly-na-pellet\/","title":{"rendered":"Kot\u0142y na pellet"},"content":{"rendered":"<div id=\"pl-970\"  class=\"panel-layout\" ><div id=\"pg-970-0\"  class=\"panel-grid panel-no-style\" ><div id=\"pgc-970-0-0\"  class=\"panel-grid-cell\" ><div id=\"panel-970-0-0-0\" class=\"so-panel widget widget_sow-editor panel-first-child panel-last-child\" data-index=\"0\" ><div class=\"so-widget-sow-editor so-widget-sow-editor-base\">\n<div class=\"siteorigin-widget-tinymce textwidget\">\n\t<p style=\"text-align: justify;\">Kot\u0142y na pellet to ekonomiczne i ekologiczne rozwi\u0105zanie problemu ogrzewania budynk\u00f3w lub domu, na miar\u0119 XXI wieku. Pellet to jeden z najbardziej wydajnych i przyjaznych \u015brodowisku materia\u0142\u00f3w opa\u0142owych, wytwarzanych ze sprasowanych odpad\u00f3w drzewnych, bez sztucznych dodatk\u00f3w. Firma HKS Lazar posiada w swojej ofercie szeroki asortyment kot\u0142\u00f3w na pellet, kt\u00f3re cechuje wysoka jako\u015b\u0107 oraz niewielkie \u00a0gabaryty urz\u0105dze\u0144, do zaadoptowania w ka\u017cdym domu. W katalogu produktowym znajduj\u0105 si\u0119:<\/p>\n<ul>\n<li style=\"text-align: justify;\">Automatyczne kot\u0142y Co na pellet SMARTFIRE 11\/15\/22\/31\/41, wyprodukowane z wysokiej jako\u015bci stali. W sk\u0142ad kot\u0142a na pellet wchodzi korpus oraz uk\u0142ad podawania paliwa. W korpusie znajduje si\u0119 komora spalania oraz popielnik i kolektor spalin. Drugi element kot\u0142a tworzy zasobnik paliwa oraz \u015blimakowy podajnik paliwa. Paliwo dostarczane jest w spos\u00f3b automatyczny do sekcji spalania. W ofercie kot\u0142\u00f3w na pellet SMARTFIRE posiadamy pakiet EXCLUSIVE, kt\u00f3ry wyr\u00f3\u017cnia wbudowana sonda lambda, modu\u0142 internetowy, automatyczny system czyszczenia palnika, wymiennika oraz automatyczne odpopielanie.<\/li>\n<li style=\"text-align: justify;\">Automatyczne kot\u0142y na pellet SMARTFIRE 11\/130, kt\u00f3re cechuje wysoka sprawno\u015b\u0107 91%, automatycznie czyszczony palnik oraz zapalarka. Kot\u0142y posiadaj\u0105 serwis fabryczny, a dystrybucja obejmuje ca\u0142y obszar Polski.<\/li>\n<li style=\"text-align: justify;\">Automatyczne kot\u0142y SMARTFIRE COMPACT 11\/15, wyr\u00f3\u017cniaj\u0105ce si\u0119 wysok\u0105 sprawno\u015bci\u0105 (91-92%) oraz moc\u0105 11 i 15 kW. Posiadaj\u0105 regulacje pogodow\u0105, automatyczny zap\u0142on oraz czyszczenie palnika. Sterownik posiada opcje ekranu dotykowego, dodatkowych 2 obieg\u00f3w, sond\u0119 lambda i internet.<\/li>\n<li style=\"text-align: justify;\">Kondensacyjne kot\u0142y na pellet ze stali nierdzewnej INTERFIRE 11. Oferowane kot\u0142y posiadaj\u0105 sprawno\u015b\u0107 kondensacyjn\u0105 104,4%.Wykonane s\u0105 z najwy\u017cszej jako\u015bci stali nierdzewnej. Maj\u0105 wbudowany automatyczny zap\u0142on, czyszczenie palnika oraz wymiennika. Wyr\u00f3\u017cnia je du\u017ca pojemno\u015b\u0107 zasobnika od 150 do 440 litr\u00f3w.<\/li>\n<\/ul>\n<\/div>\n<\/div><\/div><\/div><\/div><div id=\"pg-970-1\"  class=\"panel-grid panel-no-style\" ><div id=\"pgc-970-1-0\"  class=\"panel-grid-cell\" ><div id=\"panel-970-1-0-0\" class=\"so-panel widget widget_siteorigin-panels-builder panel-first-child panel-last-child\" data-index=\"1\" ><div id=\"pl-w60d9cd664b043\"  class=\"panel-layout\" ><div id=\"pg-w60d9cd664b043-0\"  class=\"panel-grid panel-no-style\" ><div id=\"pgc-w60d9cd664b043-0-0\"  class=\"panel-grid-cell\" ><div id=\"panel-w60d9cd664b043-0-0-0\" class=\"so-panel widget widget_sow-editor panel-first-child panel-last-child\" data-index=\"0\" ><div class=\"panel-widget-style panel-widget-style-for-w60d9cd664b043-0-0-0\" ><div class=\"so-widget-sow-editor so-widget-sow-editor-base\">\n<div class=\"siteorigin-widget-tinymce textwidget\">\n\t<h3 style=\"text-align: center;\">SmartFire 11\/15\/22\/31\/41<\/h3>\n<p><img loading=\"lazy\" decoding=\"async\" class=\"aligncenter wp-image-1191\" src=\"https:\/\/www.wegieleko.pl\/wp-content\/uploads\/2021\/06\/sf123.jpg\" alt=\"\" width=\"360\" height=\"300\" srcset=\"https:\/\/www.wegieleko.pl\/wp-content\/uploads\/2021\/06\/sf123.jpg 1200w, https:\/\/www.wegieleko.pl\/wp-content\/uploads\/2021\/06\/sf123-300x250.jpg 300w, https:\/\/www.wegieleko.pl\/wp-content\/uploads\/2021\/06\/sf123-1024x853.jpg 1024w, https:\/\/www.wegieleko.pl\/wp-content\/uploads\/2021\/06\/sf123-768x640.jpg 768w\" sizes=\"auto, (max-width: 360px) 100vw, 360px\" \/><\/p>\n<p style=\"text-align: center;\"><a class=\"btn  btn-secondary\" href=\"https:\/\/www.hkslazar.pl\/produkty,kotly-co-smartfire-152241,9,22.html\" target=\"_self\"> DOWIEDZ SI\u0118 WI\u0118CEJ<\/a><\/p>\n<\/div>\n<\/div><\/div><\/div><\/div><div id=\"pgc-w60d9cd664b043-0-1\"  class=\"panel-grid-cell\" ><div id=\"panel-w60d9cd664b043-0-1-0\" class=\"so-panel widget widget_sow-editor panel-first-child panel-last-child\" data-index=\"1\" ><div class=\"panel-widget-style panel-widget-style-for-w60d9cd664b043-0-1-0\" ><div class=\"so-widget-sow-editor so-widget-sow-editor-base\">\n<div class=\"siteorigin-widget-tinymce textwidget\">\n\t<h3 style=\"text-align: center;\">SmartFire 11\/130<\/h3>\n<p><img loading=\"lazy\" decoding=\"async\" class=\"aligncenter wp-image-1197\" src=\"https:\/\/www.wegieleko.pl\/wp-content\/uploads\/2021\/06\/53.jpg\" alt=\"\" width=\"360\" height=\"300\" srcset=\"https:\/\/www.wegieleko.pl\/wp-content\/uploads\/2021\/06\/53.jpg 1200w, https:\/\/www.wegieleko.pl\/wp-content\/uploads\/2021\/06\/53-300x250.jpg 300w, https:\/\/www.wegieleko.pl\/wp-content\/uploads\/2021\/06\/53-1024x853.jpg 1024w, https:\/\/www.wegieleko.pl\/wp-content\/uploads\/2021\/06\/53-768x640.jpg 768w\" sizes=\"auto, (max-width: 360px) 100vw, 360px\" \/><\/p>\n<p style=\"text-align: center;\"><a class=\"btn  btn-secondary\" href=\"https:\/\/www.hkslazar.pl\/produkty,kotly-co-smartfire-11,9,89.html\" target=\"_self\"> DOWIEDZ SI\u0118 WI\u0118CEJ<\/a><\/p>\n<\/div>\n<\/div><\/div><\/div><\/div><\/div><div id=\"pg-w60d9cd664b043-1\"  class=\"panel-grid panel-no-style\" ><div id=\"pgc-w60d9cd664b043-1-0\"  class=\"panel-grid-cell\" ><div id=\"panel-w60d9cd664b043-1-0-0\" class=\"so-panel widget widget_sow-editor panel-first-child panel-last-child\" data-index=\"2\" ><div class=\"panel-widget-style panel-widget-style-for-w60d9cd664b043-1-0-0\" ><div class=\"so-widget-sow-editor so-widget-sow-editor-base\">\n<div class=\"siteorigin-widget-tinymce textwidget\">\n\t<h3 style=\"text-align: center;\">SmartFire Compact 11\/15<\/h3>\n<p><img loading=\"lazy\" decoding=\"async\" class=\"aligncenter wp-image-1191\" src=\"https:\/\/www.wegieleko.pl\/wp-content\/uploads\/2021\/06\/76.jpg\" alt=\"\" width=\"360\" height=\"300\" \/><\/p>\n<p style=\"text-align: center;\"><a class=\"btn  btn-secondary\" href=\"https:\/\/www.hkslazar.pl\/produkty,kotly-co-smartfire-compact-1115,9,160.html\" target=\"_self\"> DOWIEDZ SI\u0118 WI\u0118CEJ<\/a><\/p>\n<\/div>\n<\/div><\/div><\/div><\/div><div id=\"pgc-w60d9cd664b043-1-1\"  class=\"panel-grid-cell\" ><div id=\"panel-w60d9cd664b043-1-1-0\" class=\"so-panel widget widget_sow-editor panel-first-child panel-last-child\" data-index=\"3\" ><div class=\"panel-widget-style panel-widget-style-for-w60d9cd664b043-1-1-0\" ><div class=\"so-widget-sow-editor so-widget-sow-editor-base\">\n<div class=\"siteorigin-widget-tinymce textwidget\">\n\t<h3 style=\"text-align: center;\">Interfire 11<\/h3>\n<p><img loading=\"lazy\" decoding=\"async\" class=\"aligncenter wp-image-1197\" src=\"https:\/\/www.wegieleko.pl\/wp-content\/uploads\/2021\/06\/270.jpg\" alt=\"\" width=\"360\" height=\"300\" \/><\/p>\n<p style=\"text-align: center;\"><a class=\"btn  btn-secondary\" href=\"https:\/\/www.hkslazar.pl\/produkty,kotly-co-interfire-11,9,144.html\" target=\"_self\"> DOWIEDZ SI\u0118 WI\u0118CEJ<\/a><\/p>\n<\/div>\n<\/div><\/div><\/div><\/div><\/div><\/div><\/div><\/div><\/div><\/div>","protected":false},"excerpt":{"rendered":"<p>Kot\u0142y na pellet to ekonomiczne i ekologiczne rozwi\u0105zanie problemu ogrzewania budynk\u00f3w lub domu, na miar\u0119 XXI wieku. Pellet to jeden z najbardziej wydajnych i przyjaznych \u015brodowisku materia\u0142\u00f3w opa\u0142owych, wytwarzanych ze sprasowanych odpad\u00f3w drzewnych, bez sztucznych dodatk\u00f3w. Firma HKS Lazar posiada w swojej ofercie szeroki asortyment kot\u0142\u00f3w na pellet, kt\u00f3re cechuje wysoka jako\u015b\u0107 oraz niewielkie \u00a0gabaryty &hellip;<\/p>\n","protected":false},"author":1,"featured_media":0,"parent":0,"menu_order":0,"comment_status":"closed","ping_status":"closed","template":"","meta":{"footnotes":""},"class_list":{"0":"post-970","1":"page","2":"type-page","3":"status-publish","5":"clearfix","6":"article"},"aioseo_notices":[],"_links":{"self":[{"href":"https:\/\/www.wegieleko.pl\/index.php\/wp-json\/wp\/v2\/pages\/970","targetHints":{"allow":["GET"]}}],"collection":[{"href":"https:\/\/www.wegieleko.pl\/index.php\/wp-json\/wp\/v2\/pages"}],"about":[{"href":"https:\/\/www.wegieleko.pl\/index.php\/wp-json\/wp\/v2\/types\/page"}],"author":[{"embeddable":true,"href":"https:\/\/www.wegieleko.pl\/index.php\/wp-json\/wp\/v2\/users\/1"}],"replies":[{"embeddable":true,"href":"https:\/\/www.wegieleko.pl\/index.php\/wp-json\/wp\/v2\/comments?post=970"}],"version-history":[{"count":15,"href":"https:\/\/www.wegieleko.pl\/index.php\/wp-json\/wp\/v2\/pages\/970\/revisions"}],"predecessor-version":[{"id":1205,"href":"https:\/\/www.wegieleko.pl\/index.php\/wp-json\/wp\/v2\/pages\/970\/revisions\/1205"}],"wp:attachment":[{"href":"https:\/\/www.wegieleko.pl\/index.php\/wp-json\/wp\/v2\/media?parent=970"}],"curies":[{"name":"wp","href":"https:\/\/api.w.org\/{rel}","templated":true}]}}